{"id":12,"date":"2016-05-26T17:29:42","date_gmt":"2016-05-26T17:29:42","guid":{"rendered":"http:\/\/buskerud-spesialinnredning.no\/ny\/?page_id=12"},"modified":"2024-11-21T07:53:15","modified_gmt":"2024-11-21T07:53:15","slug":"referanser","status":"publish","type":"page","link":"http:\/\/buskerud-spesialinnredning.no\/ny\/referanser\/","title":{"rendered":"Referanser"},"content":{"rendered":"<div class=\"fusion-fullwidth fullwidth-box fusion-builder-row-1 fusion-flex-container nonhundred-percent-fullwidth non-hundred-percent-height-scrolling\" style=\"--awb-border-radius-top-left:0px;--awb-border-radius-top-right:0px;--awb-border-radius-bottom-right:0px;--awb-border-radius-bottom-left:0px;\" ><div class=\"fusion-builder-row fusion-row fusion-flex-align-items-flex-start\" style=\"max-width:1144px;margin-left: calc(-4% \/ 2 );margin-right: calc(-4% \/ 2 );\"><div class=\"fusion-layout-column fusion_builder_column fusion-builder-column-0 fusion_builder_column_1_1 1_1 fusion-flex-column\" style=\"--awb-bg-size:cover;--awb-width-large:100%;--awb-margin-top-large:0px;--awb-spacing-right-large:1.92%;--awb-margin-bottom-large:0px;--awb-spacing-left-large:1.92%;--awb-width-medium:100%;--awb-spacing-right-medium:1.92%;--awb-spacing-left-medium:1.92%;--awb-width-small:100%;--awb-spacing-right-small:1.92%;--awb-spacing-left-small:1.92%;\"><div class=\"fusion-column-wrapper fusion-flex-justify-content-flex-start fusion-content-layout-column\"><div class=\"fusion-text fusion-text-1\"><h1 data-fontsize=\"34\" style=\"--fontSize: 34; line-height: 1.4;\" data-lineheight=\"47.6px\" class=\"fusion-responsive-typography-calculated\">Viktige referanser<\/h1>\n<p><strong>Vinmonopolet AS. <\/strong>Bord, benker, hyller, personlig oppbevaringsskap og shuffleboard. Design AS Scenario Interi\u00f8rarkitekter MNIL.<\/p>\n<p><strong>B\u00e6rum Kommune, Sandvika og Rykkinn bibliotek. <\/strong>Biblioteksinnredning. Design Tone N\u00e6r\u00f8 Interi\u00f8rarkitekter MNIL.<\/p>\n<p><strong>Seltor AS, Kj\u00f8rbo. <\/strong>Kantine og resepsjonsinnredning. Design Krohnark AS.<\/p>\n<p><strong>Askim Entrepren\u00f8r AS, Askim &amp; Spydeberg Sparebank. <\/strong>Spilevegger, himlinger, trappekledning og hyllereoler. Design Work.<\/p>\n<p><strong>Grindaker AS Landskapsarkitekter.<\/strong> Amfi, spilevegger og diverse kontorinnredning. Design Momentum arkitekter AS<\/p>\n<p><strong>Posten Norge AS.<\/strong> Kontorinnredning med skranker, kaffekj\u00f8kken og himlingsfl\u00e5ter. Design IARK AS.<\/p>\n<p><strong>Evry. <\/strong>Rom i rommet og kantineinnredning. Design Andersen Interi\u00f8rarkitekter MNIL AS.<\/p>\n<p><strong>Drammen Kommune, Drammensbiblioteket. <\/strong>Biblioteksinnredning. Design Tone N\u00e6r\u00f8 Interi\u00f8rarkitekter MNIL.<\/p>\n<p><strong>Kvale DA Advokatfirma. <\/strong>Kontorinnredning i 3 etasjer. Design IARK AS.<\/p>\n<p><b>H\u00f8yskolen Kr<\/b><b>istiania.<\/b> Sittebenker i studentarealer. Design IARK AS.<\/p>\n<p><b>Universitetet i Oslo<\/b><b>, Kristine Bonnevies hus.<\/b> Nye studentarealer. Design Beate Ellingsen AS<\/p>\n<p><b>Universitetet i Oslo, Sentrum.<\/b> Rehabilitering av den gamle Gymnastikkbygningen til nye studentarealer. Design NAV AS.<\/p>\n<p><b>Universitetet i Oslo, Lucy Smiths hus.<\/b> Etasjevis rehabilitering av administrasjonsbygg, omfattende leveranser. Design Dyr\u00f8 og Moen AS m\/fl.<\/p>\n<p><b>S\u00f8r-Varanger Kommune, Skytterhusfjellet barnehage.<\/b> Skap- og hylleinnredning. Design Hus arkitekter AS<\/p>\n<p><b>Tangenten Nesodden Kommune. <\/b>Innredning Bibliotek, samfunnshus og skole. Design Beste Ellingsen AS<\/p>\n<p><b>S\u00f8r-Varanger Kommune. <\/b>Innredning Kirkenes barne- og ungdomsskole. Design Cadi AS.<\/p>\n<p><b>Universitetet i Oslo. <\/b>Gjenbruksprosjekt Georg Morgenstiernes hus. Innredning basert p\u00e5 gamle teakplater. Design Beste Ellingsen AS.<\/p>\n<p><b>Universitetet i Oslo, i<\/b><b>nformatikkbygget<\/b><b>.<\/b> Omfattende innredningsleveranse. Design  Zinc AS.<\/p>\n<p><b>Drammen Kommune, Marienlyst skole<\/b>. Spesialtegnet innredning i stort omfang. Design div.A arkitekter AS.<\/p>\n<\/p>\n<p><b>Oslo og B\u00e6rum Kommuner. <\/b>Stort antall skole- og<b> <\/b> barnehageleveranser.<\/p>\n<\/div><\/div><\/div><\/div><\/div>\n","protected":false},"excerpt":{"rendered":"","protected":false},"author":1,"featured_media":0,"parent":0,"menu_order":0,"comment_status":"closed","ping_status":"closed","template":"","meta":{"footnotes":""},"class_list":["post-12","page","type-page","status-publish","hentry"],"_links":{"self":[{"href":"http:\/\/buskerud-spesialinnredning.no\/ny\/wp-json\/wp\/v2\/pages\/12","targetHints":{"allow":["GET"]}}],"collection":[{"href":"http:\/\/buskerud-spesialinnredning.no\/ny\/wp-json\/wp\/v2\/pages"}],"about":[{"href":"http:\/\/buskerud-spesialinnredning.no\/ny\/wp-json\/wp\/v2\/types\/page"}],"author":[{"embeddable":true,"href":"http:\/\/buskerud-spesialinnredning.no\/ny\/wp-json\/wp\/v2\/users\/1"}],"replies":[{"embeddable":true,"href":"http:\/\/buskerud-spesialinnredning.no\/ny\/wp-json\/wp\/v2\/comments?post=12"}],"version-history":[{"count":5,"href":"http:\/\/buskerud-spesialinnredning.no\/ny\/wp-json\/wp\/v2\/pages\/12\/revisions"}],"predecessor-version":[{"id":619,"href":"http:\/\/buskerud-spesialinnredning.no\/ny\/wp-json\/wp\/v2\/pages\/12\/revisions\/619"}],"wp:attachment":[{"href":"http:\/\/buskerud-spesialinnredning.no\/ny\/wp-json\/wp\/v2\/media?parent=12"}],"curies":[{"name":"wp","href":"https:\/\/api.w.org\/{rel}","templated":true}]}}