{"id":247,"date":"2017-06-23T07:25:06","date_gmt":"2017-06-23T07:25:06","guid":{"rendered":"http:\/\/buskerud-spesialinnredning.no\/ny\/?page_id=247"},"modified":"2021-09-30T15:30:10","modified_gmt":"2021-09-30T15:30:10","slug":"andre-spesialprosjekter","status":"publish","type":"page","link":"http:\/\/buskerud-spesialinnredning.no\/ny\/galleri\/andre-spesialprosjekter\/","title":{"rendered":"Det helt spesielle"},"content":{"rendered":"<h1>Det helt spesielle<\/h1>\n<h2>Vi kaller oss noen ganger avdelingen for de spesielle ting, her er noen eksempler.<\/h2>\n\n\t\t<style type=\"text\/css\">\n\t\t\t#gallery-1 {\n\t\t\t\tmargin: auto;\n\t\t\t}\n\t\t\t#gallery-1 .gallery-item {\n\t\t\t\tfloat: left;\n\t\t\t\tmargin-top: 10px;\n\t\t\t\ttext-align: center;\n\t\t\t\twidth: 33%;\n\t\t\t}\n\t\t\t#gallery-1 img {\n\t\t\t\tborder: 2px solid #cfcfcf;\n\t\t\t}\n\t\t\t#gallery-1 .gallery-caption {\n\t\t\t\tmargin-left: 0;\n\t\t\t}\n\t\t\t\/* see gallery_shortcode() in wp-includes\/media.php *\/\n\t\t<\/style>\n\t\t<div id='gallery-1' class='gallery galleryid-247 gallery-columns-3 gallery-size-full'><dl class='gallery-item'>\n\t\t\t<dt class='gallery-icon landscape'>\n\t\t\t\t<a data-rel=\"iLightbox[postimages]\" data-title=\"Vinmonopolet AS 2018 &#8211; Lyssatt hyllereol i st\u00e5l med vinreoler og kassetter i eik. Arkitekt AS Scenario Interi\u00f8rarkitekter MNIL\" data-caption=\"Vinmonopolet AS - Lyssatt hyllereol i st\u00e5l med vinreoler og kassetter i eik. Arkitekt AS Scenario Interi\u00f8rarkitekter MNIL\" href='http:\/\/media.buskerud-spesialinnredning.no\/2018\/08\/Vinmonopolet-AS-2018-Lyssatt-hyllereol-i-st\u00e5l-med-vinreoler-og-kassetter-i-eik.-Arkitekt-AS-Scenario-Interi\u00f8rarkitekter-MNIL.jpg'><img decoding=\"async\" width=\"1000\" height=\"750\" src=\"http:\/\/media.buskerud-spesialinnredning.no\/2018\/08\/Vinmonopolet-AS-2018-Lyssatt-hyllereol-i-st\u00e5l-med-vinreoler-og-kassetter-i-eik.-Arkitekt-AS-Scenario-Interi\u00f8rarkitekter-MNIL.jpg\" class=\"attachment-full size-full\" alt=\"\" aria-describedby=\"gallery-1-553\" srcset=\"http:\/\/media.buskerud-spesialinnredning.no\/2018\/08\/Vinmonopolet-AS-2018-Lyssatt-hyllereol-i-st\u00e5l-med-vinreoler-og-kassetter-i-eik.-Arkitekt-AS-Scenario-Interi\u00f8rarkitekter-MNIL-200x150.jpg 200w, http:\/\/media.buskerud-spesialinnredning.no\/2018\/08\/Vinmonopolet-AS-2018-Lyssatt-hyllereol-i-st\u00e5l-med-vinreoler-og-kassetter-i-eik.-Arkitekt-AS-Scenario-Interi\u00f8rarkitekter-MNIL-300x225.jpg 300w, http:\/\/media.buskerud-spesialinnredning.no\/2018\/08\/Vinmonopolet-AS-2018-Lyssatt-hyllereol-i-st\u00e5l-med-vinreoler-og-kassetter-i-eik.-Arkitekt-AS-Scenario-Interi\u00f8rarkitekter-MNIL-400x300.jpg 400w, http:\/\/media.buskerud-spesialinnredning.no\/2018\/08\/Vinmonopolet-AS-2018-Lyssatt-hyllereol-i-st\u00e5l-med-vinreoler-og-kassetter-i-eik.-Arkitekt-AS-Scenario-Interi\u00f8rarkitekter-MNIL-600x450.jpg 600w, http:\/\/media.buskerud-spesialinnredning.no\/2018\/08\/Vinmonopolet-AS-2018-Lyssatt-hyllereol-i-st\u00e5l-med-vinreoler-og-kassetter-i-eik.-Arkitekt-AS-Scenario-Interi\u00f8rarkitekter-MNIL-768x576.jpg 768w, http:\/\/media.buskerud-spesialinnredning.no\/2018\/08\/Vinmonopolet-AS-2018-Lyssatt-hyllereol-i-st\u00e5l-med-vinreoler-og-kassetter-i-eik.-Arkitekt-AS-Scenario-Interi\u00f8rarkitekter-MNIL-800x600.jpg 800w, http:\/\/media.buskerud-spesialinnredning.no\/2018\/08\/Vinmonopolet-AS-2018-Lyssatt-hyllereol-i-st\u00e5l-med-vinreoler-og-kassetter-i-eik.-Arkitekt-AS-Scenario-Interi\u00f8rarkitekter-MNIL.jpg 1000w\" sizes=\"(max-width: 1000px) 100vw, 1000px\" \/><\/a>\n\t\t\t<\/dt>\n\t\t\t\t<dd class='wp-caption-text gallery-caption' id='gallery-1-553'>\n\t\t\t\tVinmonopolet AS &#8211; Lyssatt hyllereol i st\u00e5l med vinreoler og kassetter i eik. Arkitekt AS Scenario Interi\u00f8rarkitekter MNIL\n\t\t\t\t<\/dd><\/dl><dl class='gallery-item'>\n\t\t\t<dt class='gallery-icon landscape'>\n\t\t\t\t<a data-rel=\"iLightbox[postimages]\" data-title=\"Equinor 2018 &#8211; Tribune med sitteputer\" data-caption=\"Equinor - Tribune med sitteputer\" href='http:\/\/media.buskerud-spesialinnredning.no\/2018\/08\/Equinor-2018-Tribune-med-sitteputer.jpg'><img decoding=\"async\" width=\"1000\" height=\"750\" src=\"http:\/\/media.buskerud-spesialinnredning.no\/2018\/08\/Equinor-2018-Tribune-med-sitteputer.jpg\" class=\"attachment-full size-full\" alt=\"\" aria-describedby=\"gallery-1-529\" srcset=\"http:\/\/media.buskerud-spesialinnredning.no\/2018\/08\/Equinor-2018-Tribune-med-sitteputer-200x150.jpg 200w, http:\/\/media.buskerud-spesialinnredning.no\/2018\/08\/Equinor-2018-Tribune-med-sitteputer-300x225.jpg 300w, http:\/\/media.buskerud-spesialinnredning.no\/2018\/08\/Equinor-2018-Tribune-med-sitteputer-400x300.jpg 400w, http:\/\/media.buskerud-spesialinnredning.no\/2018\/08\/Equinor-2018-Tribune-med-sitteputer-600x450.jpg 600w, http:\/\/media.buskerud-spesialinnredning.no\/2018\/08\/Equinor-2018-Tribune-med-sitteputer-768x576.jpg 768w, http:\/\/media.buskerud-spesialinnredning.no\/2018\/08\/Equinor-2018-Tribune-med-sitteputer-800x600.jpg 800w, http:\/\/media.buskerud-spesialinnredning.no\/2018\/08\/Equinor-2018-Tribune-med-sitteputer.jpg 1000w\" sizes=\"(max-width: 1000px) 100vw, 1000px\" \/><\/a>\n\t\t\t<\/dt>\n\t\t\t\t<dd class='wp-caption-text gallery-caption' id='gallery-1-529'>\n\t\t\t\tEquinor &#8211; Tribune med sitteputer\n\t\t\t\t<\/dd><\/dl><dl class='gallery-item'>\n\t\t\t<dt class='gallery-icon landscape'>\n\t\t\t\t<a data-rel=\"iLightbox[postimages]\" data-title=\"Grindaker AS Landskapsarkitekter &#8211; Amfi (2017)\" data-caption=\"Grindaker AS Landskapsarkitekter - Amfi. Arkitekt Momentum Arkitekter.  \" href='http:\/\/media.buskerud-spesialinnredning.no\/2018\/03\/Grindaker-AS-Landskapsarkitekter-2017-Amfi-1000x750.jpg'><img decoding=\"async\" width=\"1000\" height=\"750\" src=\"http:\/\/media.buskerud-spesialinnredning.no\/2018\/03\/Grindaker-AS-Landskapsarkitekter-2017-Amfi-1000x750.jpg\" class=\"attachment-full size-full\" alt=\"\" aria-describedby=\"gallery-1-481\" srcset=\"http:\/\/media.buskerud-spesialinnredning.no\/2018\/03\/Grindaker-AS-Landskapsarkitekter-2017-Amfi-1000x750-200x150.jpg 200w, http:\/\/media.buskerud-spesialinnredning.no\/2018\/03\/Grindaker-AS-Landskapsarkitekter-2017-Amfi-1000x750-300x225.jpg 300w, http:\/\/media.buskerud-spesialinnredning.no\/2018\/03\/Grindaker-AS-Landskapsarkitekter-2017-Amfi-1000x750-400x300.jpg 400w, http:\/\/media.buskerud-spesialinnredning.no\/2018\/03\/Grindaker-AS-Landskapsarkitekter-2017-Amfi-1000x750-600x450.jpg 600w, http:\/\/media.buskerud-spesialinnredning.no\/2018\/03\/Grindaker-AS-Landskapsarkitekter-2017-Amfi-1000x750-768x576.jpg 768w, http:\/\/media.buskerud-spesialinnredning.no\/2018\/03\/Grindaker-AS-Landskapsarkitekter-2017-Amfi-1000x750-800x600.jpg 800w, http:\/\/media.buskerud-spesialinnredning.no\/2018\/03\/Grindaker-AS-Landskapsarkitekter-2017-Amfi-1000x750.jpg 1000w\" sizes=\"(max-width: 1000px) 100vw, 1000px\" \/><\/a>\n\t\t\t<\/dt>\n\t\t\t\t<dd class='wp-caption-text gallery-caption' id='gallery-1-481'>\n\t\t\t\tGrindaker AS Landskapsarkitekter &#8211; Amfi. Arkitekt Momentum Arkitekter.  \n\t\t\t\t<\/dd><\/dl><br style=\"clear: both\" \/><dl class='gallery-item'>\n\t\t\t<dt class='gallery-icon landscape'>\n\t\t\t\t<a data-rel=\"iLightbox[postimages]\" data-title=\"Grindaker AS Landskapsarkitekter &#8211; Amfi (2017). Arkitekt Momentum Arkitekter.  (2)\" data-caption=\"Grindaker AS Landskapsarkitekter - Amfi. Arkitekt Momentum Arkitekter.  \" href='http:\/\/media.buskerud-spesialinnredning.no\/2018\/03\/Grindaker-AS-Landskapsarkitekter-2017-Amfi-1000x750-2.jpg'><img decoding=\"async\" width=\"1000\" height=\"750\" src=\"http:\/\/media.buskerud-spesialinnredning.no\/2018\/03\/Grindaker-AS-Landskapsarkitekter-2017-Amfi-1000x750-2.jpg\" class=\"attachment-full size-full\" alt=\"\" aria-describedby=\"gallery-1-480\" srcset=\"http:\/\/media.buskerud-spesialinnredning.no\/2018\/03\/Grindaker-AS-Landskapsarkitekter-2017-Amfi-1000x750-2-200x150.jpg 200w, http:\/\/media.buskerud-spesialinnredning.no\/2018\/03\/Grindaker-AS-Landskapsarkitekter-2017-Amfi-1000x750-2-300x225.jpg 300w, http:\/\/media.buskerud-spesialinnredning.no\/2018\/03\/Grindaker-AS-Landskapsarkitekter-2017-Amfi-1000x750-2-400x300.jpg 400w, http:\/\/media.buskerud-spesialinnredning.no\/2018\/03\/Grindaker-AS-Landskapsarkitekter-2017-Amfi-1000x750-2-600x450.jpg 600w, http:\/\/media.buskerud-spesialinnredning.no\/2018\/03\/Grindaker-AS-Landskapsarkitekter-2017-Amfi-1000x750-2-768x576.jpg 768w, http:\/\/media.buskerud-spesialinnredning.no\/2018\/03\/Grindaker-AS-Landskapsarkitekter-2017-Amfi-1000x750-2-800x600.jpg 800w, http:\/\/media.buskerud-spesialinnredning.no\/2018\/03\/Grindaker-AS-Landskapsarkitekter-2017-Amfi-1000x750-2.jpg 1000w\" sizes=\"(max-width: 1000px) 100vw, 1000px\" \/><\/a>\n\t\t\t<\/dt>\n\t\t\t\t<dd class='wp-caption-text gallery-caption' id='gallery-1-480'>\n\t\t\t\tGrindaker AS Landskapsarkitekter &#8211; Amfi. Arkitekt Momentum Arkitekter.  \n\t\t\t\t<\/dd><\/dl><dl class='gallery-item'>\n\t\t\t<dt class='gallery-icon landscape'>\n\t\t\t\t<a data-rel=\"iLightbox[postimages]\" data-title=\"Drammensbiblioteket \u2013 Bardisk (2017). Arkitekt Tone N\u00e6r\u00f8 Interi\u00f8rarkitekt MNIL.\" data-caption=\"Drammensbiblioteket \u2013 Bardisk. Arkitekt Tone N\u00e6r\u00f8 Interi\u00f8rarkitekt MNIL.\" href='http:\/\/media.buskerud-spesialinnredning.no\/2018\/03\/Drammensbiblioteket-2016-bardisk-1000x750.jpg'><img decoding=\"async\" width=\"1000\" height=\"750\" src=\"http:\/\/media.buskerud-spesialinnredning.no\/2018\/03\/Drammensbiblioteket-2016-bardisk-1000x750.jpg\" class=\"attachment-full size-full\" alt=\"\" aria-describedby=\"gallery-1-473\" srcset=\"http:\/\/media.buskerud-spesialinnredning.no\/2018\/03\/Drammensbiblioteket-2016-bardisk-1000x750-200x150.jpg 200w, http:\/\/media.buskerud-spesialinnredning.no\/2018\/03\/Drammensbiblioteket-2016-bardisk-1000x750-300x225.jpg 300w, http:\/\/media.buskerud-spesialinnredning.no\/2018\/03\/Drammensbiblioteket-2016-bardisk-1000x750-400x300.jpg 400w, http:\/\/media.buskerud-spesialinnredning.no\/2018\/03\/Drammensbiblioteket-2016-bardisk-1000x750-600x450.jpg 600w, http:\/\/media.buskerud-spesialinnredning.no\/2018\/03\/Drammensbiblioteket-2016-bardisk-1000x750-768x576.jpg 768w, http:\/\/media.buskerud-spesialinnredning.no\/2018\/03\/Drammensbiblioteket-2016-bardisk-1000x750-800x600.jpg 800w, http:\/\/media.buskerud-spesialinnredning.no\/2018\/03\/Drammensbiblioteket-2016-bardisk-1000x750.jpg 1000w\" sizes=\"(max-width: 1000px) 100vw, 1000px\" \/><\/a>\n\t\t\t<\/dt>\n\t\t\t\t<dd class='wp-caption-text gallery-caption' id='gallery-1-473'>\n\t\t\t\tDrammensbiblioteket \u2013 Bardisk. Arkitekt Tone N\u00e6r\u00f8 Interi\u00f8rarkitekt MNIL.\n\t\t\t\t<\/dd><\/dl><dl class='gallery-item'>\n\t\t\t<dt class='gallery-icon landscape'>\n\t\t\t\t<a data-rel=\"iLightbox[postimages]\" data-title=\"Drammensbiblioteket \u2013 Bardisk (2017). Arkitekt Tone N\u00e6r\u00f8 Interi\u00f8rarkitekt MNIL.\" data-caption=\"Drammensbiblioteket \u2013 Bardisk. Arkitekt Tone N\u00e6r\u00f8 Interi\u00f8rarkitekt MNIL.\" href='http:\/\/media.buskerud-spesialinnredning.no\/2018\/03\/Drammensbiblioteket-2016-bardisk-2-1000x750.jpg'><img decoding=\"async\" width=\"1000\" height=\"750\" src=\"http:\/\/media.buskerud-spesialinnredning.no\/2018\/03\/Drammensbiblioteket-2016-bardisk-2-1000x750.jpg\" class=\"attachment-full size-full\" alt=\"\" aria-describedby=\"gallery-1-472\" srcset=\"http:\/\/media.buskerud-spesialinnredning.no\/2018\/03\/Drammensbiblioteket-2016-bardisk-2-1000x750-200x150.jpg 200w, http:\/\/media.buskerud-spesialinnredning.no\/2018\/03\/Drammensbiblioteket-2016-bardisk-2-1000x750-300x225.jpg 300w, http:\/\/media.buskerud-spesialinnredning.no\/2018\/03\/Drammensbiblioteket-2016-bardisk-2-1000x750-400x300.jpg 400w, http:\/\/media.buskerud-spesialinnredning.no\/2018\/03\/Drammensbiblioteket-2016-bardisk-2-1000x750-600x450.jpg 600w, http:\/\/media.buskerud-spesialinnredning.no\/2018\/03\/Drammensbiblioteket-2016-bardisk-2-1000x750-768x576.jpg 768w, http:\/\/media.buskerud-spesialinnredning.no\/2018\/03\/Drammensbiblioteket-2016-bardisk-2-1000x750-800x600.jpg 800w, http:\/\/media.buskerud-spesialinnredning.no\/2018\/03\/Drammensbiblioteket-2016-bardisk-2-1000x750.jpg 1000w\" sizes=\"(max-width: 1000px) 100vw, 1000px\" \/><\/a>\n\t\t\t<\/dt>\n\t\t\t\t<dd class='wp-caption-text gallery-caption' id='gallery-1-472'>\n\t\t\t\tDrammensbiblioteket \u2013 Bardisk. Arkitekt Tone N\u00e6r\u00f8 Interi\u00f8rarkitekt MNIL.\n\t\t\t\t<\/dd><\/dl><br style=\"clear: both\" \/><dl class='gallery-item'>\n\t\t\t<dt class='gallery-icon landscape'>\n\t\t\t\t<a data-rel=\"iLightbox[postimages]\" data-title=\"Energibygget Drammen &#8211; Kledning av trapp (2015). Arkitekt LOF arkitekter AS.\" data-caption=\"Energibygget Drammen - Kledning av trapp. Arkitekt LOF arkitekter AS.\" href='http:\/\/media.buskerud-spesialinnredning.no\/2017\/03\/Energibygget-Drammen-2015-Trapp-f\u00f8r-etter-1000x750.jpg'><img decoding=\"async\" width=\"1000\" height=\"750\" src=\"http:\/\/media.buskerud-spesialinnredning.no\/2017\/03\/Energibygget-Drammen-2015-Trapp-f\u00f8r-etter-1000x750.jpg\" class=\"attachment-full size-full\" alt=\"\" aria-describedby=\"gallery-1-380\" srcset=\"http:\/\/media.buskerud-spesialinnredning.no\/2017\/03\/Energibygget-Drammen-2015-Trapp-f\u00f8r-etter-1000x750-200x150.jpg 200w, http:\/\/media.buskerud-spesialinnredning.no\/2017\/03\/Energibygget-Drammen-2015-Trapp-f\u00f8r-etter-1000x750-300x225.jpg 300w, http:\/\/media.buskerud-spesialinnredning.no\/2017\/03\/Energibygget-Drammen-2015-Trapp-f\u00f8r-etter-1000x750-400x300.jpg 400w, http:\/\/media.buskerud-spesialinnredning.no\/2017\/03\/Energibygget-Drammen-2015-Trapp-f\u00f8r-etter-1000x750-600x450.jpg 600w, http:\/\/media.buskerud-spesialinnredning.no\/2017\/03\/Energibygget-Drammen-2015-Trapp-f\u00f8r-etter-1000x750-768x576.jpg 768w, http:\/\/media.buskerud-spesialinnredning.no\/2017\/03\/Energibygget-Drammen-2015-Trapp-f\u00f8r-etter-1000x750-800x600.jpg 800w, http:\/\/media.buskerud-spesialinnredning.no\/2017\/03\/Energibygget-Drammen-2015-Trapp-f\u00f8r-etter-1000x750.jpg 1000w\" sizes=\"(max-width: 1000px) 100vw, 1000px\" \/><\/a>\n\t\t\t<\/dt>\n\t\t\t\t<dd class='wp-caption-text gallery-caption' id='gallery-1-380'>\n\t\t\t\tEnergibygget Drammen &#8211; Kledning av trapp. Arkitekt LOF arkitekter AS.\n\t\t\t\t<\/dd><\/dl><dl class='gallery-item'>\n\t\t\t<dt class='gallery-icon landscape'>\n\t\t\t\t<a data-rel=\"iLightbox[postimages]\" data-title=\"Energibygget Drammen &#8211; Svevende m\u00f8terom (2015). Arkitekt LOF arkitekter AS.\" data-caption=\"Energibygget Drammen - Svevende m\u00f8terom. Arkitekt LOF arkitekter AS.\" href='http:\/\/media.buskerud-spesialinnredning.no\/2017\/03\/Energibygget-Drammen-2015-m\u00f8terom-1000x750.jpg'><img decoding=\"async\" width=\"1000\" height=\"750\" src=\"http:\/\/media.buskerud-spesialinnredning.no\/2017\/03\/Energibygget-Drammen-2015-m\u00f8terom-1000x750.jpg\" class=\"attachment-full size-full\" alt=\"\" aria-describedby=\"gallery-1-377\" srcset=\"http:\/\/media.buskerud-spesialinnredning.no\/2017\/03\/Energibygget-Drammen-2015-m\u00f8terom-1000x750-200x150.jpg 200w, http:\/\/media.buskerud-spesialinnredning.no\/2017\/03\/Energibygget-Drammen-2015-m\u00f8terom-1000x750-300x225.jpg 300w, http:\/\/media.buskerud-spesialinnredning.no\/2017\/03\/Energibygget-Drammen-2015-m\u00f8terom-1000x750-400x300.jpg 400w, http:\/\/media.buskerud-spesialinnredning.no\/2017\/03\/Energibygget-Drammen-2015-m\u00f8terom-1000x750-600x450.jpg 600w, http:\/\/media.buskerud-spesialinnredning.no\/2017\/03\/Energibygget-Drammen-2015-m\u00f8terom-1000x750-768x576.jpg 768w, http:\/\/media.buskerud-spesialinnredning.no\/2017\/03\/Energibygget-Drammen-2015-m\u00f8terom-1000x750-800x600.jpg 800w, http:\/\/media.buskerud-spesialinnredning.no\/2017\/03\/Energibygget-Drammen-2015-m\u00f8terom-1000x750.jpg 1000w\" sizes=\"(max-width: 1000px) 100vw, 1000px\" \/><\/a>\n\t\t\t<\/dt>\n\t\t\t\t<dd class='wp-caption-text gallery-caption' id='gallery-1-377'>\n\t\t\t\tEnergibygget Drammen &#8211; Svevende m\u00f8terom. Arkitekt LOF arkitekter AS.\n\t\t\t\t<\/dd><\/dl><dl class='gallery-item'>\n\t\t\t<dt class='gallery-icon landscape'>\n\t\t\t\t<a data-rel=\"iLightbox[postimages]\" data-title=\"NCC &#8211; Kranbord (2014). Arkitekt Metropolis arkitektur &#038; design AS.\" data-caption=\"NCC - Kranbord. Arkitekt Metropolis arkitektur &amp; design AS.\" href='http:\/\/media.buskerud-spesialinnredning.no\/2017\/03\/NCC-2014-Propellbord-1000x750.jpg'><img decoding=\"async\" width=\"1000\" height=\"750\" src=\"http:\/\/media.buskerud-spesialinnredning.no\/2017\/03\/NCC-2014-Propellbord-1000x750.jpg\" class=\"attachment-full size-full\" alt=\"\" aria-describedby=\"gallery-1-386\" srcset=\"http:\/\/media.buskerud-spesialinnredning.no\/2017\/03\/NCC-2014-Propellbord-1000x750-200x150.jpg 200w, http:\/\/media.buskerud-spesialinnredning.no\/2017\/03\/NCC-2014-Propellbord-1000x750-300x225.jpg 300w, http:\/\/media.buskerud-spesialinnredning.no\/2017\/03\/NCC-2014-Propellbord-1000x750-400x300.jpg 400w, http:\/\/media.buskerud-spesialinnredning.no\/2017\/03\/NCC-2014-Propellbord-1000x750-600x450.jpg 600w, http:\/\/media.buskerud-spesialinnredning.no\/2017\/03\/NCC-2014-Propellbord-1000x750-768x576.jpg 768w, http:\/\/media.buskerud-spesialinnredning.no\/2017\/03\/NCC-2014-Propellbord-1000x750-800x600.jpg 800w, http:\/\/media.buskerud-spesialinnredning.no\/2017\/03\/NCC-2014-Propellbord-1000x750.jpg 1000w\" sizes=\"(max-width: 1000px) 100vw, 1000px\" \/><\/a>\n\t\t\t<\/dt>\n\t\t\t\t<dd class='wp-caption-text gallery-caption' id='gallery-1-386'>\n\t\t\t\tNCC &#8211; Kranbord. Arkitekt Metropolis arkitektur &#038; design AS.\n\t\t\t\t<\/dd><\/dl><br style=\"clear: both\" \/><dl class='gallery-item'>\n\t\t\t<dt class='gallery-icon landscape'>\n\t\t\t\t<a data-rel=\"iLightbox[postimages]\" data-title=\"Tine &#8211; Omramming av relieff (2014). Arkitekt Zinc AS.\" data-caption=\"Tine - Omramming av relieff. Arkitekt Zinc AS.\" href='http:\/\/media.buskerud-spesialinnredning.no\/2017\/03\/Tine-2014-Spilevegg-1000x750.jpg'><img decoding=\"async\" width=\"1000\" height=\"750\" src=\"http:\/\/media.buskerud-spesialinnredning.no\/2017\/03\/Tine-2014-Spilevegg-1000x750.jpg\" class=\"attachment-full size-full\" alt=\"\" aria-describedby=\"gallery-1-394\" srcset=\"http:\/\/media.buskerud-spesialinnredning.no\/2017\/03\/Tine-2014-Spilevegg-1000x750-200x150.jpg 200w, http:\/\/media.buskerud-spesialinnredning.no\/2017\/03\/Tine-2014-Spilevegg-1000x750-300x225.jpg 300w, http:\/\/media.buskerud-spesialinnredning.no\/2017\/03\/Tine-2014-Spilevegg-1000x750-400x300.jpg 400w, http:\/\/media.buskerud-spesialinnredning.no\/2017\/03\/Tine-2014-Spilevegg-1000x750-600x450.jpg 600w, http:\/\/media.buskerud-spesialinnredning.no\/2017\/03\/Tine-2014-Spilevegg-1000x750-768x576.jpg 768w, http:\/\/media.buskerud-spesialinnredning.no\/2017\/03\/Tine-2014-Spilevegg-1000x750-800x600.jpg 800w, http:\/\/media.buskerud-spesialinnredning.no\/2017\/03\/Tine-2014-Spilevegg-1000x750.jpg 1000w\" sizes=\"(max-width: 1000px) 100vw, 1000px\" \/><\/a>\n\t\t\t<\/dt>\n\t\t\t\t<dd class='wp-caption-text gallery-caption' id='gallery-1-394'>\n\t\t\t\tTine &#8211; Omramming av relieff. Arkitekt Zinc AS.\n\t\t\t\t<\/dd><\/dl><dl class='gallery-item'>\n\t\t\t<dt class='gallery-icon landscape'>\n\t\t\t\t<a data-rel=\"iLightbox[postimages]\" data-title=\"Hundsund Grendesenter &#8211; Tribune (2013). Arkitekt Cadi AS.\" data-caption=\"Hundsund Grendesenter - Tribune. Arkitekt Cadi AS.\" href='http:\/\/media.buskerud-spesialinnredning.no\/2018\/03\/Michael-Pearlmutter-Hundsund19-2013-Tribune-1000x750.jpg'><img decoding=\"async\" width=\"1000\" height=\"750\" src=\"http:\/\/media.buskerud-spesialinnredning.no\/2018\/03\/Michael-Pearlmutter-Hundsund19-2013-Tribune-1000x750.jpg\" class=\"attachment-full size-full\" alt=\"\" aria-describedby=\"gallery-1-482\" srcset=\"http:\/\/media.buskerud-spesialinnredning.no\/2018\/03\/Michael-Pearlmutter-Hundsund19-2013-Tribune-1000x750-200x150.jpg 200w, http:\/\/media.buskerud-spesialinnredning.no\/2018\/03\/Michael-Pearlmutter-Hundsund19-2013-Tribune-1000x750-300x225.jpg 300w, http:\/\/media.buskerud-spesialinnredning.no\/2018\/03\/Michael-Pearlmutter-Hundsund19-2013-Tribune-1000x750-400x300.jpg 400w, http:\/\/media.buskerud-spesialinnredning.no\/2018\/03\/Michael-Pearlmutter-Hundsund19-2013-Tribune-1000x750-600x450.jpg 600w, http:\/\/media.buskerud-spesialinnredning.no\/2018\/03\/Michael-Pearlmutter-Hundsund19-2013-Tribune-1000x750-768x576.jpg 768w, http:\/\/media.buskerud-spesialinnredning.no\/2018\/03\/Michael-Pearlmutter-Hundsund19-2013-Tribune-1000x750-800x600.jpg 800w, http:\/\/media.buskerud-spesialinnredning.no\/2018\/03\/Michael-Pearlmutter-Hundsund19-2013-Tribune-1000x750.jpg 1000w\" sizes=\"(max-width: 1000px) 100vw, 1000px\" \/><\/a>\n\t\t\t<\/dt>\n\t\t\t\t<dd class='wp-caption-text gallery-caption' id='gallery-1-482'>\n\t\t\t\tHundsund Grendesenter &#8211; Tribune. Arkitekt Cadi AS.\n\t\t\t\t<\/dd><\/dl><dl class='gallery-item'>\n\t\t\t<dt class='gallery-icon landscape'>\n\t\t\t\t<a data-rel=\"iLightbox[postimages]\" data-title=\"UiO Domus Medica &#8211; Studentbar (2009). Arkitekt Zinc AS.\" data-caption=\"UiO Domus Medica - Studentbar. Arkitekt Zinc AS.\" href='http:\/\/media.buskerud-spesialinnredning.no\/2017\/03\/Uio-2009-Domus-Medica-student-bardisk-1000x750.jpg'><img decoding=\"async\" width=\"1000\" height=\"750\" src=\"http:\/\/media.buskerud-spesialinnredning.no\/2017\/03\/Uio-2009-Domus-Medica-student-bardisk-1000x750.jpg\" class=\"attachment-full size-full\" alt=\"\" aria-describedby=\"gallery-1-395\" srcset=\"http:\/\/media.buskerud-spesialinnredning.no\/2017\/03\/Uio-2009-Domus-Medica-student-bardisk-1000x750-200x150.jpg 200w, http:\/\/media.buskerud-spesialinnredning.no\/2017\/03\/Uio-2009-Domus-Medica-student-bardisk-1000x750-300x225.jpg 300w, http:\/\/media.buskerud-spesialinnredning.no\/2017\/03\/Uio-2009-Domus-Medica-student-bardisk-1000x750-400x300.jpg 400w, http:\/\/media.buskerud-spesialinnredning.no\/2017\/03\/Uio-2009-Domus-Medica-student-bardisk-1000x750-600x450.jpg 600w, http:\/\/media.buskerud-spesialinnredning.no\/2017\/03\/Uio-2009-Domus-Medica-student-bardisk-1000x750-768x576.jpg 768w, http:\/\/media.buskerud-spesialinnredning.no\/2017\/03\/Uio-2009-Domus-Medica-student-bardisk-1000x750-800x600.jpg 800w, http:\/\/media.buskerud-spesialinnredning.no\/2017\/03\/Uio-2009-Domus-Medica-student-bardisk-1000x750.jpg 1000w\" sizes=\"(max-width: 1000px) 100vw, 1000px\" \/><\/a>\n\t\t\t<\/dt>\n\t\t\t\t<dd class='wp-caption-text gallery-caption' id='gallery-1-395'>\n\t\t\t\tUiO Domus Medica &#8211; Studentbar. Arkitekt Zinc AS.\n\t\t\t\t<\/dd><\/dl><br style=\"clear: both\" \/>\n\t\t<\/div>\n\n","protected":false},"excerpt":{"rendered":"<p>Det helt spesielle Vi kaller oss noen ganger avdelingen for de spesielle ting, her er noen eksempler.<\/p>\n","protected":false},"author":1,"featured_media":0,"parent":15,"menu_order":0,"comment_status":"closed","ping_status":"closed","template":"","meta":{"footnotes":""},"class_list":["post-247","page","type-page","status-publish","hentry"],"_links":{"self":[{"href":"http:\/\/buskerud-spesialinnredning.no\/ny\/wp-json\/wp\/v2\/pages\/247","targetHints":{"allow":["GET"]}}],"collection":[{"href":"http:\/\/buskerud-spesialinnredning.no\/ny\/wp-json\/wp\/v2\/pages"}],"about":[{"href":"http:\/\/buskerud-spesialinnredning.no\/ny\/wp-json\/wp\/v2\/types\/page"}],"author":[{"embeddable":true,"href":"http:\/\/buskerud-spesialinnredning.no\/ny\/wp-json\/wp\/v2\/users\/1"}],"replies":[{"embeddable":true,"href":"http:\/\/buskerud-spesialinnredning.no\/ny\/wp-json\/wp\/v2\/comments?post=247"}],"version-history":[{"count":14,"href":"http:\/\/buskerud-spesialinnredning.no\/ny\/wp-json\/wp\/v2\/pages\/247\/revisions"}],"predecessor-version":[{"id":554,"href":"http:\/\/buskerud-spesialinnredning.no\/ny\/wp-json\/wp\/v2\/pages\/247\/revisions\/554"}],"up":[{"embeddable":true,"href":"http:\/\/buskerud-spesialinnredning.no\/ny\/wp-json\/wp\/v2\/pages\/15"}],"wp:attachment":[{"href":"http:\/\/buskerud-spesialinnredning.no\/ny\/wp-json\/wp\/v2\/media?parent=247"}],"curies":[{"name":"wp","href":"https:\/\/api.w.org\/{rel}","templated":true}]}}